{"id":9,"date":"2026-04-23T21:25:04","date_gmt":"2026-04-23T21:25:04","guid":{"rendered":"https:\/\/experienciaseducomunicativas.revistacitrico.com\/?page_id=9"},"modified":"2026-04-23T22:48:33","modified_gmt":"2026-04-23T22:48:33","slug":"inicio","status":"publish","type":"page","link":"https:\/\/experienciaseducomunicativas.revistacitrico.com\/","title":{"rendered":"Inicio"},"content":{"rendered":"<p>[et_pb_section fb_built=\u00bb1&#8243; admin_label=\u00bbHeader &#038; Featured Event\u00bb _builder_version=\u00bb4.25.1&#8243; _module_preset=\u00bbdefault\u00bb collapsed=\u00bbon\u00bb global_colors_info=\u00bb{}\u00bb custom_padding=\u00bb1px|||||\u00bb][et_pb_row column_structure=\u00bb1_2,1_2&#8243; custom_padding_last_edited=\u00bbon|phone\u00bb _builder_version=\u00bb4.25.1&#8243; _module_preset=\u00bbdefault\u00bb background_color=\u00bbgcid-2a386b1e-9149-40c6-b24d-5e9fedecf039&#8243; custom_padding=\u00bb60px|60px|60px|60px|true|true\u00bb custom_padding_tablet=\u00bb30px|30px|30px|30px|true|true\u00bb custom_padding_phone=\u00bb20px|20px|20px|20px|true|true\u00bb global_colors_info=\u00bb{%22gcid-2a386b1e-9149-40c6-b24d-5e9fedecf039%22:%91%22background_color%22%93}\u00bb][et_pb_column type=\u00bb1_2&#8243; _builder_version=\u00bb4.25.1&#8243; _module_preset=\u00bbdefault\u00bb custom_padding=\u00bb60px||60px||true|false\u00bb custom_padding_tablet=\u00bb0px||0px||true|false\u00bb custom_padding_phone=\u00bb0px||0px||true|false\u00bb custom_padding_last_edited=\u00bbon|desktop\u00bb global_colors_info=\u00bb{}\u00bb][et_pb_text _builder_version=\u00bb4.21.0&#8243; _module_preset=\u00bbe679b4f2-a7f8-4f4a-8239-14189a864644&#8243; link_text_color=\u00bb#8800ff\u00bb hover_enabled=\u00bb0&#8243; global_colors_info=\u00bb{}\u00bb sticky_enabled=\u00bb0&#8243;]<\/p>\n<p>El 25 de noviembre de 2018 en el municipio de San Lorenzo, ubicado en el macizo andino al norte del departamento de Nari\u00f1o, Colombia, tuvo lugar la consulta popular leg\u00edtima en la cual el 98,46 % de la poblaci\u00f3n vot\u00f3 por el NO a la miner\u00eda. Este hecho hist\u00f3rico se suma a otras experiencias que, a lo largo del pa\u00eds, en la \u00faltima d\u00e9cada, han tenido eco en las comunidades campesinas y agr\u00edcolas que enfrentan el aparato desarrollista de la econom\u00eda basada en el extractivismo.<br \/>En el a\u00f1o 2010, las comunidades campesinas de San Lorenzo advirtieron la incursi\u00f3n de maquinaria y personal relacionado con la empresa minera Mazamorras Gold, hecho que motiv\u00f3 la consulta y movilizaci\u00f3n de l\u00edderes de las zonas involucradas, quienes lograron reconocer que se hab\u00eda asignado m\u00faltiples t\u00edtulos a diferentes empresas multinacionales para la exploraci\u00f3n y explotaci\u00f3n de minerales como oro, plata, cobre y otros. Esta situaci\u00f3n motiv\u00f3 la acci\u00f3n colectiva y, con ello, la generaci\u00f3n de estrategias para hacer frente y resistir a la incursi\u00f3n de dichas empresas en las zonas rurales del municipio.<\/p>\n<p>[\/et_pb_text][et_pb_button button_text=\u00bbVer Libro\u00bb _builder_version=\u00bb4.21.0&#8243; _module_preset=\u00bb8658dfa5-8e56-4932-8771-b7e96977159e\u00bb hover_enabled=\u00bb0&#8243; global_colors_info=\u00bb{}\u00bb button_url=\u00bbhttps:\/\/libros.umariana.edu.co\/index.php\/editorialunimar\/catalog\/view\/237\/671\/3063&#8243; url_new_window=\u00bbon\u00bb sticky_enabled=\u00bb0&#8243; button_alignment=\u00bbcenter\u00bb][\/et_pb_button][\/et_pb_column][et_pb_column type=\u00bb1_2&#8243; _builder_version=\u00bb4.25.1&#8243; _module_preset=\u00bbdefault\u00bb global_colors_info=\u00bb{}\u00bb][et_pb_image src=\u00bbhttps:\/\/experienciaseducomunicativas.revistacitrico.com\/wp-content\/uploads\/2026\/04\/portada-libro.png\u00bb title_text=\u00bbportada libro\u00bb _builder_version=\u00bb4.21.0&#8243; _module_preset=\u00bbdefault\u00bb hover_enabled=\u00bb0&#8243; border_width_all=\u00bb8px\u00bb border_color_all=\u00bb#FFFFFF\u00bb box_shadow_style=\u00bbpreset3&#8243; box_shadow_horizontal=\u00bb10px\u00bb box_shadow_vertical=\u00bb40px\u00bb box_shadow_blur=\u00bb40px\u00bb box_shadow_spread=\u00bb10px\u00bb box_shadow_color=\u00bbrgba(0,0,0,0.11)\u00bb locked=\u00bboff\u00bb global_colors_info=\u00bb{}\u00bb sticky_enabled=\u00bb0&#8243; url=\u00bbhttps:\/\/libros.umariana.edu.co\/index.php\/editorialunimar\/catalog\/view\/237\/671\/3063&#8243; url_new_window=\u00bbon\u00bb][\/et_pb_image][\/et_pb_column][\/et_pb_row][\/et_pb_section]<\/p>\n","protected":false},"excerpt":{"rendered":"<p>El 25 de noviembre de 2018 en el municipio de San Lorenzo, ubicado en el macizo andino al norte del departamento de Nari\u00f1o, Colombia, tuvo lugar la consulta popular leg\u00edtima en la cual el 98,46 % de la poblaci\u00f3n vot\u00f3 por el NO a la miner\u00eda. Este hecho hist\u00f3rico se suma a otras experiencias que, [&hellip;]<\/p>\n","protected":false},"author":1,"featured_media":0,"parent":0,"menu_order":0,"comment_status":"closed","ping_status":"closed","template":"page-template-blank.php","meta":{"_et_pb_use_builder":"on","_et_pb_old_content":"","_et_gb_content_width":"","footnotes":""},"class_list":["post-9","page","type-page","status-publish","hentry"],"_links":{"self":[{"href":"https:\/\/experienciaseducomunicativas.revistacitrico.com\/index.php\/wp-json\/wp\/v2\/pages\/9","targetHints":{"allow":["GET"]}}],"collection":[{"href":"https:\/\/experienciaseducomunicativas.revistacitrico.com\/index.php\/wp-json\/wp\/v2\/pages"}],"about":[{"href":"https:\/\/experienciaseducomunicativas.revistacitrico.com\/index.php\/wp-json\/wp\/v2\/types\/page"}],"author":[{"embeddable":true,"href":"https:\/\/experienciaseducomunicativas.revistacitrico.com\/index.php\/wp-json\/wp\/v2\/users\/1"}],"replies":[{"embeddable":true,"href":"https:\/\/experienciaseducomunicativas.revistacitrico.com\/index.php\/wp-json\/wp\/v2\/comments?post=9"}],"version-history":[{"count":10,"href":"https:\/\/experienciaseducomunicativas.revistacitrico.com\/index.php\/wp-json\/wp\/v2\/pages\/9\/revisions"}],"predecessor-version":[{"id":26,"href":"https:\/\/experienciaseducomunicativas.revistacitrico.com\/index.php\/wp-json\/wp\/v2\/pages\/9\/revisions\/26"}],"wp:attachment":[{"href":"https:\/\/experienciaseducomunicativas.revistacitrico.com\/index.php\/wp-json\/wp\/v2\/media?parent=9"}],"curies":[{"name":"wp","href":"https:\/\/api.w.org\/{rel}","templated":true}]}}